{"id":6946,"date":"2026-01-27T03:08:02","date_gmt":"2026-01-27T03:08:02","guid":{"rendered":"https:\/\/zeitblick.at\/?page_id=6946"},"modified":"2026-01-27T12:08:16","modified_gmt":"2026-01-27T12:08:16","slug":"rechte-lizenzen","status":"publish","type":"page","link":"https:\/\/zeitblick.at\/index.php\/rechte-lizenzen\/","title":{"rendered":"Rechte &#038; Lizenzen"},"content":{"rendered":"\n<p><strong>Nutzungshinweise<br><\/strong>Die Verwendung von Inhalten (Artikel, Fotos, Videos etc.), die auf unserer Website ver\u00f6ffentlicht sind, ohne Erlaubnis und deren \u00f6ffentliche Vervielf\u00e4ltigung und Wiederver\u00f6ffentlichung sind verboten.<\/p>\n\n\n\n<p>Wenn Sie einen Inhalt von utkanhaber.com nachdrucken, vervielf\u00e4ltigen oder \u00f6ffentlich machen m\u00f6chten, ben\u00f6tigen Sie eine schriftliche Genehmigung und eine entsprechende Lizenz von unserem Unternehmen.<\/p>\n\n\n\n<p>Wir freuen uns, Ihre Fragen zu den Nutzungsrechten f\u00fcr Druck oder Online zu beantworten. Bitte verwenden Sie das Anfrageformular oder kontaktieren Sie uns pers\u00f6nlich.<\/p>\n\n\n\n<p>Einige unserer Fotos und Videos k\u00f6nnen kostenpflichtig sein. Einen allgemeinen \u00dcberblick \u00fcber unsere Online-Nutzungspreise finden Sie hier. (Demn\u00e4chst)<\/p>\n\n\n\n<p><strong>Kontakt<br><\/strong><strong>Web<\/strong>: <a href=\"http:\/\/www.utkanhaber.com\">www.<\/a>zeitblick.at<br><strong>Tel:<\/strong> +43 676 555 1 333<br><strong>E-Mail Adresse: <\/strong><a href=\"mailto:utkantv@utkanhaber.com\">info<\/a><a href=\"mailto:utkantv@utkanhaber.com\">@<\/a>zeitblick.at<\/p>\n","protected":false},"excerpt":{"rendered":"<p>NutzungshinweiseDie Verwendung von Inhalten (Artikel, Fotos, Videos etc.), die auf unserer Website ver\u00f6ffentlicht sind, ohne Erlaubnis und deren \u00f6ffentliche Vervielf\u00e4ltigung und Wiederver\u00f6ffentlichung sind verboten. Wenn Sie einen Inhalt von utkanhaber.com nachdrucken, vervielf\u00e4ltigen oder \u00f6ffentlich machen m\u00f6chten, ben\u00f6tigen Sie eine schriftliche Genehmigung und eine entsprechende Lizenz von unserem Unternehmen. Wir freuen uns, Ihre Fragen zu den<\/p>\n","protected":false},"author":1,"featured_media":0,"parent":0,"menu_order":0,"comment_status":"closed","ping_status":"closed","template":"","meta":{"footnotes":""},"class_list":["post-6946","page","type-page","status-publish"],"aioseo_notices":[],"_links":{"self":[{"href":"https:\/\/zeitblick.at\/index.php\/wp-json\/wp\/v2\/pages\/6946","targetHints":{"allow":["GET"]}}],"collection":[{"href":"https:\/\/zeitblick.at\/index.php\/wp-json\/wp\/v2\/pages"}],"about":[{"href":"https:\/\/zeitblick.at\/index.php\/wp-json\/wp\/v2\/types\/page"}],"author":[{"embeddable":true,"href":"https:\/\/zeitblick.at\/index.php\/wp-json\/wp\/v2\/users\/1"}],"replies":[{"embeddable":true,"href":"https:\/\/zeitblick.at\/index.php\/wp-json\/wp\/v2\/comments?post=6946"}],"version-history":[{"count":2,"href":"https:\/\/zeitblick.at\/index.php\/wp-json\/wp\/v2\/pages\/6946\/revisions"}],"predecessor-version":[{"id":6991,"href":"https:\/\/zeitblick.at\/index.php\/wp-json\/wp\/v2\/pages\/6946\/revisions\/6991"}],"wp:attachment":[{"href":"https:\/\/zeitblick.at\/index.php\/wp-json\/wp\/v2\/media?parent=6946"}],"curies":[{"name":"wp","href":"https:\/\/api.w.org\/{rel}","templated":true}]}}