{"id":6945,"date":"2026-01-27T03:08:02","date_gmt":"2026-01-27T03:08:02","guid":{"rendered":"https:\/\/zeitblick.at\/?page_id=6945"},"modified":"2026-01-27T12:07:12","modified_gmt":"2026-01-27T12:07:12","slug":"datenschutzerklarung","status":"publish","type":"page","link":"https:\/\/zeitblick.at\/index.php\/datenschutzerklarung\/","title":{"rendered":"Datenschutzerkl\u00e4rung"},"content":{"rendered":"<p><em><\/p>\n\n<p><em><\/em><\/p>\n<p><strong>Datenschutzerkl\u00e4rung<\/strong><\/p>\n<p><strong>Wer wir sind<br \/><\/strong>Die Adresse unserer Website lautet: <a href=\"https:\/\/utkanhaber.com\" target=\"_new\" rel=\"noopener\">https:\/\/zeitblick.at<\/a><\/p>\n<p><strong>Kommentare<br \/><\/strong>Wenn Besucher Kommentare auf der Website hinterlassen, sammeln wir die im Kommentarformular angezeigten Daten sowie die IP-Adresse und den Browser-User-Agent-String des Besuchers, um die Erkennung von Spam zu unterst\u00fctzen.<\/p>\n<p>Ein anonymisierter Text, der aus Ihrer E-Mail-Adresse erstellt wurde (auch als Hash bezeichnet), kann dem Gravatar-Dienst zur Verf\u00fcgung gestellt werden, um zu pr\u00fcfen, ob Sie diesen verwenden. Die Datenschutzrichtlinie des Gravatar-Dienstes finden Sie hier: <a href=\"https:\/\/automattic.com\/privacy\/\" target=\"_new\" rel=\"noopener\">https:\/\/automattic.com\/privacy\/<\/a>. Nach der Genehmigung Ihres Kommentars ist Ihr Profilbild im Kontext Ihres Kommentars \u00f6ffentlich sichtbar.<\/p>\n<p><strong>Medien<br \/><\/strong>Wenn Sie Bilder auf die Website hochladen, sollten Sie vermeiden, Bilder mit eingebetteten Standortdaten (EXIF GPS) hochzuladen. Besucher der Website k\u00f6nnen jegliche Standortdaten aus den Bildern auf der Website herunterladen und extrahieren.<\/p>\n<p><strong>Cookies<br \/><\/strong>Wenn Sie einen Kommentar auf unserer Website hinterlassen, k\u00f6nnen Sie Ihren Namen, Ihre E-Mail-Adresse und Ihre Website in Cookies speichern. Diese dienen Ihrer Bequemlichkeit, damit Sie Ihre Daten nicht erneut eingeben m\u00fcssen, wenn Sie einen weiteren Kommentar hinterlassen. Diese Cookies bleiben ein Jahr lang gespeichert.<\/p>\n<p>Wenn Sie unsere Login-Seite besuchen, setzen wir ein tempor\u00e4res Cookie, um festzustellen, ob Ihr Browser Cookies akzeptiert. Dieses Cookie enth\u00e4lt keine pers\u00f6nlichen Daten und wird verworfen, sobald Sie Ihren Browser schlie\u00dfen.<\/p>\n<p>Wenn Sie sich anmelden, werden wir einige Cookies einrichten, um Ihre Anmeldeinformationen und Ihre Bildschirmanzeigeoptionen zu speichern. Anmelde-Cookies sind zwei Tage lang g\u00fcltig und Cookies f\u00fcr Bildschirmoptionen ein Jahr lang. Wenn Sie &#8222;Angemeldet bleiben&#8220; ausw\u00e4hlen, bleibt Ihre Anmeldung zwei Wochen lang bestehen. Wenn Sie sich von Ihrem Konto abmelden, werden die Anmelde-Cookies entfernt.<\/p>\n<p>Wenn Sie einen Artikel bearbeiten oder ver\u00f6ffentlichen, wird ein zus\u00e4tzliches Cookie in Ihrem Browser gespeichert. Dieses Cookie enth\u00e4lt keine pers\u00f6nlichen Daten und zeigt lediglich die Beitrags-ID des Artikels an, den Sie gerade bearbeitet haben. Es verf\u00e4llt nach einem Tag.<\/p>\n<p><strong>Eingebettete Inhalte von anderen Websites<br \/><\/strong>Beitr\u00e4ge auf dieser Website k\u00f6nnen eingebettete Inhalte enthalten (z.B. Videos, Bilder, Artikel etc.). Eingebettete Inhalte von anderen Websites verhalten sich exakt so, als ob der Besucher die andere Website besucht h\u00e4tte.<\/p>\n<p>Diese Websites k\u00f6nnen Daten \u00fcber Sie sammeln, Cookies verwenden, zus\u00e4tzliche Tracking-Dienste von Dritten einbetten und Ihre Interaktion mit diesem eingebetteten Inhalt \u00fcberwachen, einschlie\u00dflich der Verfolgung Ihrer Interaktion mit dem eingebetteten Inhalt, falls Sie ein Konto haben und auf dieser Website angemeldet sind.<\/p>\n<p><strong>Mit wem wir Ihre Daten teilen<br \/><\/strong>Wenn Sie eine Passwort-Zur\u00fccksetzung anfordern, wird Ihre IP-Adresse in die E-Mail zur Zur\u00fccksetzung aufgenommen.<\/p>\n<p><strong>Wie lange wir Ihre Daten speichern<br \/><\/strong>Wenn Sie einen Kommentar hinterlassen, werden der Kommentar und seine Metadaten auf unbestimmte Zeit gespeichert. Auf diese Weise k\u00f6nnen wir Folgekommentare automatisch erkennen und freigeben, anstatt sie in einer Moderationswarteschlange festzuhalten.<\/p>\n<p>F\u00fcr Benutzer, die sich auf unserer Website registrieren (falls vorhanden), speichern wir auch die pers\u00f6nlichen Informationen, die sie in ihrem Benutzerprofil angeben. Alle Benutzer k\u00f6nnen ihre pers\u00f6nlichen Informationen jederzeit einsehen, bearbeiten oder l\u00f6schen (der Benutzername kann jedoch nicht ge\u00e4ndert werden). Website-Administratoren k\u00f6nnen diese Informationen ebenfalls einsehen und bearbeiten.<\/p>\n<p><strong>Welche Rechte Sie an Ihren Daten haben<br \/><\/strong>Wenn Sie ein Konto auf dieser Website besitzen oder Kommentare hinterlassen haben, k\u00f6nnen Sie einen Export Ihrer personenbezogenen Daten anfordern, einschlie\u00dflich aller Daten, die Sie uns zur Verf\u00fcgung gestellt haben. Sie k\u00f6nnen auch die L\u00f6schung aller personenbezogenen Daten verlangen, die wir \u00fcber Sie gespeichert haben. Dies umfasst keine Daten, die wir aus administrativen, rechtlichen oder sicherheitsrelevanten Gr\u00fcnden aufbewahren m\u00fcssen.<\/p>\n<p><strong>Wohin wir Ihre Daten senden<br \/><\/strong>Besucherkommentare k\u00f6nnten durch einen automatisierten Spam-Erkennungsdienst \u00fcberpr\u00fcft werden.<br \/><br \/><strong>Kontakt<br \/><\/strong>Wenn Sie Fragen zu dieser Datenschutzerkl\u00e4rung oder zur Verarbeitung Ihrer personenbezogenen Daten haben, kontaktieren Sie uns bitte:<\/p>\n<p class=\"p1\"><strong>Web:<\/strong>\u00a0<a href=\"http:\/\/www.utkanhaber.com\/\"><span class=\"s1\">www.zeitblick.at<\/span><\/a><br \/><strong>Tel:<\/strong> +43 676 555 1 333<br \/><strong>E-Mail Adresse:<\/strong> <a href=\"mailto:utkantv@utkanhaber.com\"><span class=\"s1\">info@zeitblick.at<\/span><\/a><br \/><strong>Anschrift:<\/strong> Goldschlagstrasse 69-6-3 A-1150\u00a0<a href=\"https:\/\/utkanhaber.com\/datenschutzerklarung\/#\"><span class=\"s1\">\u00a0Wien<\/span><\/a>\u00a0\/ \u00d6STERREICH<\/p>\n<p class=\"p1\"><strong>\u00c4nderungen der Datenschutzerkl\u00e4rung<br \/><\/strong>Diese Datenschutzerkl\u00e4rung kann von Zeit zu Zeit aktualisiert werden. Bitte besuchen Sie diese Seite regelm\u00e4\u00dfig, um \u00fcber \u00c4nderungen informiert zu bleiben.<\/p>\n<p>&nbsp;<\/p>\n<p><em><\/em><\/p>\n\n<p><\/em><\/p>\n\n<p><em><\/p>","protected":false},"excerpt":{"rendered":"<p>Datenschutzerkl\u00e4rung Wer wir sindDie Adresse unserer Website lautet: https:\/\/zeitblick.at KommentareWenn Besucher Kommentare auf der Website hinterlassen, sammeln wir die im Kommentarformular angezeigten Daten sowie die IP-Adresse und den Browser-User-Agent-String des Besuchers, um die Erkennung von Spam zu unterst\u00fctzen. Ein anonymisierter Text, der aus Ihrer E-Mail-Adresse erstellt wurde (auch als Hash bezeichnet), kann dem Gravatar-Dienst zur<\/p>\n","protected":false},"author":1,"featured_media":0,"parent":0,"menu_order":0,"comment_status":"closed","ping_status":"closed","template":"","meta":{"footnotes":""},"class_list":["post-6945","page","type-page","status-publish"],"aioseo_notices":[],"_links":{"self":[{"href":"https:\/\/zeitblick.at\/index.php\/wp-json\/wp\/v2\/pages\/6945","targetHints":{"allow":["GET"]}}],"collection":[{"href":"https:\/\/zeitblick.at\/index.php\/wp-json\/wp\/v2\/pages"}],"about":[{"href":"https:\/\/zeitblick.at\/index.php\/wp-json\/wp\/v2\/types\/page"}],"author":[{"embeddable":true,"href":"https:\/\/zeitblick.at\/index.php\/wp-json\/wp\/v2\/users\/1"}],"replies":[{"embeddable":true,"href":"https:\/\/zeitblick.at\/index.php\/wp-json\/wp\/v2\/comments?post=6945"}],"version-history":[{"count":2,"href":"https:\/\/zeitblick.at\/index.php\/wp-json\/wp\/v2\/pages\/6945\/revisions"}],"predecessor-version":[{"id":6989,"href":"https:\/\/zeitblick.at\/index.php\/wp-json\/wp\/v2\/pages\/6945\/revisions\/6989"}],"wp:attachment":[{"href":"https:\/\/zeitblick.at\/index.php\/wp-json\/wp\/v2\/media?parent=6945"}],"curies":[{"name":"wp","href":"https:\/\/api.w.org\/{rel}","templated":true}]}}