{"id":6944,"date":"2026-01-27T03:08:02","date_gmt":"2026-01-27T03:08:02","guid":{"rendered":"https:\/\/zeitblick.at\/?page_id=6944"},"modified":"2026-01-28T23:25:10","modified_gmt":"2026-01-28T23:25:10","slug":"uber-uns","status":"publish","type":"page","link":"https:\/\/zeitblick.at\/index.php\/uber-uns\/","title":{"rendered":"\u00dcber Uns"},"content":{"rendered":"\n<p>zeitblick.at wurde gegr\u00fcndet, um den Nachrichtenbedarf der in Europa lebenden t\u00fcrkischen Gemeinschaft zu decken. Mit einer neutralen, korrekten und schnellen Berichterstattung halten wir den Puls des Geschehens und bringen Ihnen die aktuellsten Nachrichten aus Europa und der T\u00fcrkei.<\/p>\n\n\n\n<p>Unser Ziel ist es, den in Europa lebenden B\u00fcrgern qualitativ hochwertige Inhalte zu bieten, damit sie das Geschehen hautnah verfolgen k\u00f6nnen, und ihre Stimme zu Geh\u00f6r zu bringen. Auf unserem Nachrichtenportal bieten wir Nachrichten in verschiedenen Kategorien wie Politik, Wirtschaft, Kultur, Sport und Leben und berichten \u00fcber aktuelle Ereignisse in einer klaren und verst\u00e4ndlichen Sprache.<\/p>\n\n\n\n<p>Als <strong>zeitblick.at<\/strong> teilen wir nicht nur Nachrichten, sondern bleiben auch die Stimme unserer Gemeinschaft.<\/p>\n","protected":false},"excerpt":{"rendered":"<p>zeitblick.at wurde gegr\u00fcndet, um den Nachrichtenbedarf der in Europa lebenden t\u00fcrkischen Gemeinschaft zu decken. Mit einer neutralen, korrekten und schnellen Berichterstattung halten wir den Puls des Geschehens und bringen Ihnen die aktuellsten Nachrichten aus Europa und der T\u00fcrkei. Unser Ziel ist es, den in Europa lebenden B\u00fcrgern qualitativ hochwertige Inhalte zu bieten, damit sie das<\/p>\n","protected":false},"author":1,"featured_media":0,"parent":0,"menu_order":0,"comment_status":"closed","ping_status":"closed","template":"","meta":{"footnotes":""},"class_list":["post-6944","page","type-page","status-publish"],"aioseo_notices":[],"_links":{"self":[{"href":"https:\/\/zeitblick.at\/index.php\/wp-json\/wp\/v2\/pages\/6944","targetHints":{"allow":["GET"]}}],"collection":[{"href":"https:\/\/zeitblick.at\/index.php\/wp-json\/wp\/v2\/pages"}],"about":[{"href":"https:\/\/zeitblick.at\/index.php\/wp-json\/wp\/v2\/types\/page"}],"author":[{"embeddable":true,"href":"https:\/\/zeitblick.at\/index.php\/wp-json\/wp\/v2\/users\/1"}],"replies":[{"embeddable":true,"href":"https:\/\/zeitblick.at\/index.php\/wp-json\/wp\/v2\/comments?post=6944"}],"version-history":[{"count":2,"href":"https:\/\/zeitblick.at\/index.php\/wp-json\/wp\/v2\/pages\/6944\/revisions"}],"predecessor-version":[{"id":7246,"href":"https:\/\/zeitblick.at\/index.php\/wp-json\/wp\/v2\/pages\/6944\/revisions\/7246"}],"wp:attachment":[{"href":"https:\/\/zeitblick.at\/index.php\/wp-json\/wp\/v2\/media?parent=6944"}],"curies":[{"name":"wp","href":"https:\/\/api.w.org\/{rel}","templated":true}]}}